{"id":3896,"date":"2023-03-11T19:46:12","date_gmt":"2023-03-11T19:46:12","guid":{"rendered":"https:\/\/www.tooniverseclub.io\/toonidok\/"},"modified":"2025-02-05T22:53:32","modified_gmt":"2025-02-05T22:53:32","slug":"toonidok","status":"publish","type":"page","link":"https:\/\/www.tooniverseclub.io\/es\/toonidok\/","title":{"rendered":"ToonIdOk"},"content":{"rendered":"<p>[et_pb_section fb_built=\u00bb1&#8243; custom_padding_last_edited=\u00bbon|desktop\u00bb disabled_on=\u00bboff|off|off\u00bb admin_label=\u00bbVALLEY\u00bb module_class=\u00bbbcktv\u00bb _builder_version=\u00bb4.27.4&#8243; _module_preset=\u00bbdefault\u00bb background_enable_color=\u00bboff\u00bb custom_margin=\u00bb0px||-51px||false|false\u00bb custom_padding=\u00bb0px||0px||false|false\u00bb custom_padding_tablet=\u00bb0px||0px||false|false\u00bb custom_padding_phone=\u00bb0px||||false|false\u00bb global_colors_info=\u00bb{}\u00bb][et_pb_row column_structure=\u00bb1_3,1_3,1_3&#8243; disabled_on=\u00bboff|off|off\u00bb admin_label=\u00bbIntro\u00bb _builder_version=\u00bb4.17.3&#8243; _module_preset=\u00bbdefault\u00bb background_enable_image=\u00bboff\u00bb background_size=\u00bbinitial\u00bb custom_margin=\u00bb0px||0px||false|false\u00bb custom_padding=\u00bb0px||0px||false|false\u00bb collapsed=\u00bboff\u00bb global_colors_info=\u00bb{}\u00bb][et_pb_column type=\u00bb1_3&#8243; _builder_version=\u00bb4.17.3&#8243; _module_preset=\u00bbdefault\u00bb global_colors_info=\u00bb{}\u00bb][et_pb_image src=\u00bbhttps:\/\/www.tooniverseclub.io\/wp-content\/uploads\/2023\/03\/nubesmall.svg\u00bb disabled_on=\u00bbon|off|off\u00bb admin_label=\u00bbnube I\u00bb module_class=\u00bbnubeI\u00bb _builder_version=\u00bb4.20.2&#8243; _module_preset=\u00bbdefault\u00bb width=\u00bb160px\u00bb min_height=\u00bb100px\u00bb custom_css_main_element=\u00bb||\u00bb locked=\u00bboff\u00bb global_colors_info=\u00bb{}\u00bb][\/et_pb_image][et_pb_image src=\u00bbhttps:\/\/www.tooniverseclub.io\/wp-content\/uploads\/2023\/03\/nube_iii.svg\u00bb disabled_on=\u00bbon|off|off\u00bb admin_label=\u00bbNube II\u00bb module_class=\u00bbnubeII\u00bb _builder_version=\u00bb4.20.2&#8243; _module_preset=\u00bbdefault\u00bb width=\u00bb500px\u00bb min_height=\u00bb100px\u00bb custom_css_main_element=\u00bb||\u00bb locked=\u00bboff\u00bb global_colors_info=\u00bb{}\u00bb][\/et_pb_image][\/et_pb_column][et_pb_column type=\u00bb1_3&#8243; _builder_version=\u00bb4.17.3&#8243; _module_preset=\u00bbdefault\u00bb global_colors_info=\u00bb{}\u00bb][\/et_pb_column][et_pb_column type=\u00bb1_3&#8243; _builder_version=\u00bb4.17.3&#8243; _module_preset=\u00bbdefault\u00bb global_colors_info=\u00bb{}\u00bb][\/et_pb_column][\/et_pb_row][et_pb_row custom_padding_last_edited=\u00bbon|desktop\u00bb disabled_on=\u00bboff|off|off\u00bb admin_label=\u00bbToon ID desktop\u00bb _builder_version=\u00bb4.27.4&#8243; _module_preset=\u00bbdefault\u00bb background_enable_image=\u00bboff\u00bb background_size=\u00bbinitial\u00bb custom_margin=\u00bb0px||0px||false|false\u00bb custom_padding=\u00bb0px||0px||false|false\u00bb custom_padding_tablet=\u00bb0px||0px||false|false\u00bb custom_padding_phone=\u00bb0px||0px||false|false\u00bb collapsed=\u00bboff\u00bb global_colors_info=\u00bb{}\u00bb][et_pb_column type=\u00bb4_4&#8243; _builder_version=\u00bb4.17.3&#8243; _module_preset=\u00bbdefault\u00bb global_colors_info=\u00bb{}\u00bb][et_pb_text admin_label=\u00bbText eng\u00bb _builder_version=\u00bb4.27.4&#8243; _module_preset=\u00bbdefault\u00bb text_font=\u00bbrodger-regular|||on|||||\u00bb text_text_color=\u00bb#663333&#8243; text_font_size=\u00bb16px\u00bb text_line_height=\u00bb30px\u00bb header_2_font=\u00bbrodger-bold||||||||\u00bb header_2_text_color=\u00bb#663333&#8243; text_orientation=\u00bbcenter\u00bb max_width=\u00bb868px\u00bb max_width_tablet=\u00bb868px\u00bb max_width_phone=\u00bb80%\u00bb max_width_last_edited=\u00bbon|phone\u00bb module_alignment=\u00bbcenter\u00bb custom_margin=\u00bb0px|0px|0px|0px|false|false\u00bb custom_padding=\u00bb0px|0px|0px|0px|false|false\u00bb global_colors_info=\u00bb{}\u00bb]<\/p>\n<h2><strong>\u00a1FELICIDADES!<br \/>TU SOLICITUD FUE ENVIADA CORRECTAMENTE.<\/strong><\/h2>\n<p>[\/et_pb_text][et_pb_text admin_label=\u00bbText eng\u00bb _builder_version=\u00bb4.27.4&#8243; _module_preset=\u00bbdefault\u00bb text_font=\u00bbrodger-regular|||on|||||\u00bb text_text_color=\u00bb#663333&#8243; text_font_size=\u00bb16px\u00bb text_line_height=\u00bb30px\u00bb link_font=\u00bb||||on|||#5E2A2B|\u00bb link_text_color=\u00bb#5E2A2B\u00bb text_orientation=\u00bbcenter\u00bb max_width=\u00bb926px\u00bb module_alignment=\u00bbcenter\u00bb custom_margin=\u00bb0px|-214px|0px|-214px|false|false\u00bb custom_padding=\u00bb0px|0px|0px|4px|false|false\u00bb global_colors_info=\u00bb{}\u00bb]<\/p>\n<p>S\u00edGUENOS EN <a href=\"https:\/\/x.com\/TooniverseClub\" target=\"_blank\" rel=\"noopener\"><strong>@TOONIVERSECLUB EN TWITTER<\/strong><\/a><\/p>\n<p>&nbsp;<\/p>\n<p>[\/et_pb_text][et_pb_image src=\u00bbhttps:\/\/www.tooniverseclub.io\/wp-content\/uploads\/2023\/03\/toon.svg\u00bb title_text=\u00bbTooner\u00bb show_bottom_space=\u00bboff\u00bb align=\u00bbcenter\u00bb disabled_on=\u00bbon|on|on\u00bb _builder_version=\u00bb4.20.2&#8243; _module_preset=\u00bbdefault\u00bb width=\u00bb110px\u00bb module_alignment=\u00bbcenter\u00bb custom_margin=\u00bb0px||0px||false|false\u00bb custom_padding=\u00bb0px||0px||false|false\u00bb disabled=\u00bbon\u00bb global_colors_info=\u00bb{}\u00bb][\/et_pb_image][et_pb_image src=\u00bbhttps:\/\/www.tooniverseclub.io\/wp-content\/uploads\/2023\/03\/staytooned.svg\u00bb title_text=\u00bbStay Tooned\u00bb show_bottom_space=\u00bboff\u00bb disabled_on=\u00bbon|on|on\u00bb admin_label=\u00bbImage\u00bb _builder_version=\u00bb4.20.2&#8243; _module_preset=\u00bbdefault\u00bb width=\u00bb256px\u00bb module_alignment=\u00bbcenter\u00bb custom_margin=\u00bb0px||0px||false|false\u00bb custom_padding=\u00bb0px||20px||false|false\u00bb disabled=\u00bbon\u00bb global_colors_info=\u00bb{}\u00bb][\/et_pb_image][et_pb_text admin_label=\u00bbspread\u00bb _builder_version=\u00bb4.27.4&#8243; _module_preset=\u00bbdefault\u00bb text_font=\u00bbrodger-bold|||on|||||\u00bb text_text_color=\u00bb#663333&#8243; text_font_size=\u00bb20px\u00bb text_line_height=\u00bb30px\u00bb text_orientation=\u00bbcenter\u00bb max_width=\u00bb926px\u00bb module_alignment=\u00bbcenter\u00bb custom_margin=\u00bb0px|0px|0px|0px|false|false\u00bb custom_padding=\u00bb0px|0px|0px|0px|false|false\u00bb hover_enabled=\u00bb0&#8243; global_colors_info=\u00bb{}\u00bb sticky_enabled=\u00bb0&#8243;]<\/p>\n<p>Haz clic en el bot\u00f3n y difunde el amor.<\/p>\n<p>[\/et_pb_text][et_pb_code _builder_version=\u00bb4.27.4&#8243; _module_preset=\u00bbdefault\u00bb text_orientation=\u00bbcenter\u00bb module_alignment=\u00bbcenter\u00bb custom_margin=\u00bb15px||||false|false\u00bb global_colors_info=\u00bb{}\u00bb]<a class=\"twitter-share-button\" href=\"https:\/\/twitter.com\/intent\/tweet?text=Acabo de recibir mi ID y estoy listo para Toon Valley. \u00a1An\u00edmate y consigue el tuyo!&#038;url=https:\/\/www.tooniverseclub.io\/es\/toonid\"><\/a><!-- [et_pb_line_break_holder] --><script>window.twttr = (function(d, s, id) {<!-- [et_pb_line_break_holder] -->  var js, fjs = d.getElementsByTagName(s)[0],<!-- [et_pb_line_break_holder] -->    t = window.twttr || {};<!-- [et_pb_line_break_holder] -->  if (d.getElementById(id)) return t;<!-- [et_pb_line_break_holder] -->  js = d.createElement(s);<!-- [et_pb_line_break_holder] -->  js.id = id;<!-- [et_pb_line_break_holder] -->  js.src = \"https:\/\/platform.twitter.com\/widgets.js\";<!-- [et_pb_line_break_holder] -->  fjs.parentNode.insertBefore(js, fjs);<!-- [et_pb_line_break_holder] --><!-- [et_pb_line_break_holder] -->  t._e = [];<!-- [et_pb_line_break_holder] -->  t.ready = function(f) {<!-- [et_pb_line_break_holder] -->    t._e.push(f);<!-- [et_pb_line_break_holder] -->  };<!-- [et_pb_line_break_holder] --><!-- [et_pb_line_break_holder] -->  return t;<!-- [et_pb_line_break_holder] -->}(document, \"script\", \"twitter-wjs\"));<\/script>[\/et_pb_code][et_pb_text disabled_on=\u00bbon|on|on\u00bb admin_label=\u00bbText esp\u00bb _builder_version=\u00bb4.20.2&#8243; _module_preset=\u00bbdefault\u00bb text_font=\u00bbrodger-regular|||on|||||\u00bb text_text_color=\u00bb#663333&#8243; text_font_size=\u00bb16px\u00bb text_line_height=\u00bb30px\u00bb text_orientation=\u00bbcenter\u00bb max_width=\u00bb926px\u00bb module_alignment=\u00bbcenter\u00bb min_height=\u00bb160px\u00bb custom_margin=\u00bb40px|-214px||-214px|false|false\u00bb custom_padding=\u00bb|0px||4px||\u00bb disabled=\u00bbon\u00bb global_colors_info=\u00bb{}\u00bb]<\/p>\n<p><strong>\u00a1Gracias! Tu solicitud fue enviada correctamente.<\/strong><br \/>Revisa tu correo y encontrar\u00e1s tu <strong>Toon Valley ID<\/strong> con la que podr\u00e1s participar en el raffle de nuestro <strong>ToonList<\/strong>.<br \/>S\u00edguenos en <strong>@TooniverseClub<\/strong> en Twitter donde estaremos informando sobre cada paso que daremos antes de nuestro lanzamiento.<\/p>\n<p><em><strong>Nota:<\/strong> este ID no te asegura un puesto en el ToonList.<\/em><\/p>\n<p>[\/et_pb_text][\/et_pb_column][\/et_pb_row][et_pb_row column_structure=\u00bb1_3,1_3,1_3&#8243; disabled_on=\u00bbon|on|on\u00bb _builder_version=\u00bb4.20.2&#8243; _module_preset=\u00bbdefault\u00bb background_enable_image=\u00bboff\u00bb background_size=\u00bbcontain\u00bb background_position=\u00bbbottom_center\u00bb module_alignment=\u00bbcenter\u00bb custom_margin=\u00bb0px|0px|0px|0px|false|false\u00bb custom_padding=\u00bb20px|0px|0px|0px|false|false\u00bb disabled=\u00bbon\u00bb collapsed=\u00bboff\u00bb global_colors_info=\u00bb{}\u00bb][et_pb_column type=\u00bb1_3&#8243; _builder_version=\u00bb4.17.3&#8243; _module_preset=\u00bbdefault\u00bb custom_padding=\u00bb0px|0px|0px|0px|false|false\u00bb global_colors_info=\u00bb{}\u00bb][\/et_pb_column][et_pb_column type=\u00bb1_3&#8243; _builder_version=\u00bb4.17.3&#8243; _module_preset=\u00bbdefault\u00bb custom_padding=\u00bb0px|0px|0px|0px|false|false\u00bb global_colors_info=\u00bb{}\u00bb][et_pb_image src=\u00bbhttps:\/\/www.tooniverseclub.io\/wp-content\/uploads\/2023\/03\/genessis.svg\u00bb title_text=\u00bbGenesis Collection\u00bb url=\u00bbhttps:\/\/opensea.io\/collection\/tooniversecartel\u00bb url_new_window=\u00bbon\u00bb _builder_version=\u00bb4.20.2&#8243; _module_preset=\u00bbdefault\u00bb width=\u00bb210px\u00bb module_alignment=\u00bbcenter\u00bb global_colors_info=\u00bb{}\u00bb][\/et_pb_image][\/et_pb_column][et_pb_column type=\u00bb1_3&#8243; _builder_version=\u00bb4.17.3&#8243; _module_preset=\u00bbdefault\u00bb custom_padding=\u00bb0px|0px|0px|0px|false|false\u00bb global_colors_info=\u00bb{}\u00bb][\/et_pb_column][\/et_pb_row][et_pb_row column_structure=\u00bb1_2,1_2&#8243; disabled_on=\u00bbon|on|on\u00bb admin_label=\u00bbiconos desktop\u00bb _builder_version=\u00bb4.17.3&#8243; _module_preset=\u00bbdefault\u00bb background_color=\u00bbRGBA(255,255,255,0)\u00bb background_enable_image=\u00bboff\u00bb background_size=\u00bbcontain\u00bb background_position=\u00bbbottom_center\u00bb width=\u00bb25%\u00bb max_width=\u00bb400px\u00bb module_alignment=\u00bbcenter\u00bb custom_margin=\u00bb15px|0px|0px|0px|false|false\u00bb custom_padding=\u00bb0px|0px|0px|0px|false|false\u00bb disabled=\u00bbon\u00bb collapsed=\u00bboff\u00bb global_colors_info=\u00bb{}\u00bb][et_pb_column type=\u00bb1_2&#8243; _builder_version=\u00bb4.17.3&#8243; _module_preset=\u00bbdefault\u00bb custom_padding=\u00bb0px|0px|0px|0px|false|false\u00bb global_colors_info=\u00bb{}\u00bb custom_css_main_element_last_edited=\u00bbon|phone\u00bb custom_css_main_element_phone=\u00bbwidth: 49%!important;\u00bb][et_pb_image src=\u00bbhttps:\/\/www.tooniverseclub.io\/wp-content\/uploads\/2023\/03\/twitter.svg\u00bb title_text=\u00bbTwitter\u00bb url=\u00bbhttps:\/\/twitter.com\/TooniverseClub\u00bb url_new_window=\u00bbon\u00bb show_bottom_space=\u00bboff\u00bb align=\u00bbright\u00bb _builder_version=\u00bb4.20.2&#8243; _module_preset=\u00bbdefault\u00bb width=\u00bb40px\u00bb module_alignment=\u00bbright\u00bb custom_margin=\u00bb0px|0px|0px|0px|false|false\u00bb custom_padding=\u00bb0px|0px|0px|0px|false|false\u00bb global_colors_info=\u00bb{}\u00bb][\/et_pb_image][\/et_pb_column][et_pb_column type=\u00bb1_2&#8243; _builder_version=\u00bb4.17.3&#8243; _module_preset=\u00bbdefault\u00bb custom_padding=\u00bb0px|0px|0px|0px|false|false\u00bb global_colors_info=\u00bb{}\u00bb custom_css_main_element_last_edited=\u00bbon|phone\u00bb custom_css_main_element_phone=\u00bbwidth: 49%!important;\u00bb][et_pb_image src=\u00bbhttps:\/\/www.tooniverseclub.io\/wp-content\/uploads\/2023\/03\/instagram.svg\u00bb title_text=\u00bbInstagram\u00bb url=\u00bbhttps:\/\/www.instagram.com\/tooniverseclub\/\u00bb url_new_window=\u00bbon\u00bb show_bottom_space=\u00bboff\u00bb _builder_version=\u00bb4.20.2&#8243; _module_preset=\u00bbdefault\u00bb width=\u00bb33px\u00bb module_alignment=\u00bbleft\u00bb custom_margin=\u00bb0px|0px|0px|0px|false|false\u00bb custom_padding=\u00bb0px|0px|0px|0px|false|false\u00bb global_colors_info=\u00bb{}\u00bb][\/et_pb_image][\/et_pb_column][\/et_pb_row][et_pb_row column_structure=\u00bb1_2,1_2&#8243; disabled_on=\u00bbon|on|on\u00bb admin_label=\u00bbiconos movil\u00bb _builder_version=\u00bb4.17.3&#8243; _module_preset=\u00bbdefault\u00bb background_color=\u00bbRGBA(255,255,255,0)\u00bb background_enable_image=\u00bboff\u00bb background_size=\u00bbcontain\u00bb background_position=\u00bbbottom_center\u00bb module_alignment=\u00bbcenter\u00bb custom_margin=\u00bb15px|0px|0px|0px|false|false\u00bb custom_padding=\u00bb0px|0px|0px|0px|false|false\u00bb disabled=\u00bbon\u00bb collapsed=\u00bboff\u00bb global_colors_info=\u00bb{}\u00bb][et_pb_column type=\u00bb1_2&#8243; _builder_version=\u00bb4.17.3&#8243; _module_preset=\u00bbdefault\u00bb custom_padding=\u00bb0px|0px|0px|0px|false|false\u00bb global_colors_info=\u00bb{}\u00bb custom_css_main_element_last_edited=\u00bbon|phone\u00bb custom_css_main_element_phone=\u00bbwidth: 49%!important;\u00bb][et_pb_image src=\u00bbhttps:\/\/www.tooniverseclub.io\/wp-content\/uploads\/2023\/03\/twitter.svg\u00bb title_text=\u00bbTwitter\u00bb url=\u00bbhttps:\/\/twitter.com\/TooniverseClub\u00bb url_new_window=\u00bbon\u00bb show_bottom_space=\u00bboff\u00bb align=\u00bbcenter\u00bb _builder_version=\u00bb4.20.2&#8243; _module_preset=\u00bbdefault\u00bb width=\u00bb40px\u00bb module_alignment=\u00bbright\u00bb custom_margin=\u00bb0px|0px|0px|0px|false|false\u00bb custom_padding=\u00bb0px|0px|0px|0px|false|false\u00bb global_colors_info=\u00bb{}\u00bb][\/et_pb_image][\/et_pb_column][et_pb_column type=\u00bb1_2&#8243; _builder_version=\u00bb4.17.3&#8243; _module_preset=\u00bbdefault\u00bb custom_padding=\u00bb0px|0px|0px|0px|false|false\u00bb global_colors_info=\u00bb{}\u00bb custom_css_main_element_last_edited=\u00bbon|phone\u00bb custom_css_main_element_phone=\u00bbwidth: 49%!important;\u00bb][et_pb_image src=\u00bbhttps:\/\/www.tooniverseclub.io\/wp-content\/uploads\/2023\/03\/instagram.svg\u00bb title_text=\u00bbInstagram\u00bb url=\u00bbhttps:\/\/www.instagram.com\/tooniverseclub\/\u00bb url_new_window=\u00bbon\u00bb show_bottom_space=\u00bboff\u00bb _builder_version=\u00bb4.20.2&#8243; _module_preset=\u00bbdefault\u00bb width=\u00bb33px\u00bb module_alignment=\u00bbleft\u00bb custom_margin=\u00bb0px|0px|0px|0px|false|false\u00bb custom_padding=\u00bb0px|0px|0px|0px|false|false\u00bb global_colors_info=\u00bb{}\u00bb][\/et_pb_image][\/et_pb_column][\/et_pb_row][et_pb_row _builder_version=\u00bb4.17.3&#8243; _module_preset=\u00bbdefault\u00bb global_colors_info=\u00bb{}\u00bb][et_pb_column type=\u00bb4_4&#8243; _builder_version=\u00bb4.17.3&#8243; _module_preset=\u00bbdefault\u00bb global_colors_info=\u00bb{}\u00bb][et_pb_image src=\u00bbhttps:\/\/www.tooniverseclub.io\/wp-content\/uploads\/2023\/03\/nubeIV.svg\u00bb disabled_on=\u00bbon|on|on\u00bb admin_label=\u00bbNube III\u00bb module_class=\u00bbnubeIV\u00bb _builder_version=\u00bb4.20.2&#8243; _module_preset=\u00bbdefault\u00bb width=\u00bb650px\u00bb min_height=\u00bb100px\u00bb custom_css_main_element=\u00bb||\u00bb disabled=\u00bbon\u00bb locked=\u00bboff\u00bb global_colors_info=\u00bb{}\u00bb][\/et_pb_image][\/et_pb_column][\/et_pb_row][et_pb_row _builder_version=\u00bb4.20.2&#8243; _module_preset=\u00bbdefault\u00bb global_colors_info=\u00bb{}\u00bb][et_pb_column type=\u00bb4_4&#8243; _builder_version=\u00bb4.20.2&#8243; _module_preset=\u00bbdefault\u00bb global_colors_info=\u00bb{}\u00bb][et_pb_divider show_divider=\u00bboff\u00bb _builder_version=\u00bb4.20.2&#8243; _module_preset=\u00bbdefault\u00bb min_height=\u00bb200px\u00bb global_colors_info=\u00bb{}\u00bb][\/et_pb_divider][\/et_pb_column][\/et_pb_row][\/et_pb_section]<\/p>\n","protected":false},"excerpt":{"rendered":"<p>\u00a1FELICIDADES!TU SOLICITUD FUE ENVIADA CORRECTAMENTE.S\u00edGUENOS EN @TOONIVERSECLUB EN TWITTER &nbsp;Haz clic en el bot\u00f3n y difunde el amor.\u00a1Gracias! Tu solicitud fue enviada correctamente.Revisa tu correo y encontrar\u00e1s tu Toon Valley ID con la que podr\u00e1s participar en el raffle de nuestro ToonList.S\u00edguenos en @TooniverseClub en Twitter donde estaremos informando sobre cada paso que daremos antes [&hellip;]<\/p>\n","protected":false},"author":1,"featured_media":3568,"parent":0,"menu_order":0,"comment_status":"closed","ping_status":"closed","template":"","meta":{"_et_pb_use_builder":"on","_et_pb_old_content":"<!-- wp:paragraph -->\r\n<p>This is an example page. It's different from a blog post because it will stay in one place and will show up in your site navigation (in most themes). Most people start with an About page that introduces them to potential site visitors. It might say something like this:<\/p>\r\n<!-- \/wp:paragraph --><!-- wp:quote -->\r\n<blockquote class=\"wp-block-quote\">\r\n<p>Hi there! I'm a bike messenger by day, aspiring actor by night, and this is my website. I live in Los Angeles, have a great dog named Jack, and I like pi\u00f1a coladas. (And gettin' caught in the rain.)<\/p>\r\n<\/blockquote>\r\n<!-- \/wp:quote --><!-- wp:paragraph -->\r\n<p>...or something like this:<\/p>\r\n<!-- \/wp:paragraph --><!-- wp:quote -->\r\n<blockquote class=\"wp-block-quote\">\r\n<p>The XYZ Doohickey Company was founded in 1971, and has been providing quality doohickeys to the public ever since. Located in Gotham City, XYZ employs over 2,000 people and does all kinds of awesome things for the Gotham community.<\/p>\r\n<\/blockquote>\r\n<!-- \/wp:quote --><!-- wp:paragraph -->\r\n<p>As a new WordPress user, you should go to <a href=\"https:\/\/www.tooniverseclub.io\/wp-admin\/\">your dashboard<\/a> to delete this page and create new pages for your content. Have fun!<\/p>\r\n<!-- \/wp:paragraph -->","_et_gb_content_width":"","inline_featured_image":false,"footnotes":""},"class_list":["post-3896","page","type-page","status-publish","has-post-thumbnail","hentry"],"_links":{"self":[{"href":"https:\/\/www.tooniverseclub.io\/es\/wp-json\/wp\/v2\/pages\/3896","targetHints":{"allow":["GET"]}}],"collection":[{"href":"https:\/\/www.tooniverseclub.io\/es\/wp-json\/wp\/v2\/pages"}],"about":[{"href":"https:\/\/www.tooniverseclub.io\/es\/wp-json\/wp\/v2\/types\/page"}],"author":[{"embeddable":true,"href":"https:\/\/www.tooniverseclub.io\/es\/wp-json\/wp\/v2\/users\/1"}],"replies":[{"embeddable":true,"href":"https:\/\/www.tooniverseclub.io\/es\/wp-json\/wp\/v2\/comments?post=3896"}],"version-history":[{"count":12,"href":"https:\/\/www.tooniverseclub.io\/es\/wp-json\/wp\/v2\/pages\/3896\/revisions"}],"predecessor-version":[{"id":3990,"href":"https:\/\/www.tooniverseclub.io\/es\/wp-json\/wp\/v2\/pages\/3896\/revisions\/3990"}],"wp:featuredmedia":[{"embeddable":true,"href":"https:\/\/www.tooniverseclub.io\/es\/wp-json\/wp\/v2\/media\/3568"}],"wp:attachment":[{"href":"https:\/\/www.tooniverseclub.io\/es\/wp-json\/wp\/v2\/media?parent=3896"}],"curies":[{"name":"wp","href":"https:\/\/api.w.org\/{rel}","templated":true}]}}